{"id":2109,"date":"2025-10-20T16:08:45","date_gmt":"2025-10-20T16:08:45","guid":{"rendered":"https:\/\/brianjamestrailers.srteam.eu\/?page_id=2109"},"modified":"2026-02-05T22:21:14","modified_gmt":"2026-02-05T22:21:14","slug":"letoltesek","status":"publish","type":"page","link":"https:\/\/brianjamestrailers.srteam.eu\/index.php\/letoltesek\/","title":{"rendered":"LET\u00d6LT\u00c9SEK"},"content":{"rendered":"<h2 style=\"text-align: center;\"><strong>M\u0171szaki adatlapok let\u00f6lthet\u0151k<\/strong><\/h2>\n<h3>Z\u00e1rt aut\u00f3sz\u00e1ll\u00edt\u00f3k<\/h3>\n<div>\n<h4><a href=\"https:\/\/brianjamestrailers.srteam.eu\/wp-content\/uploads\/2025\/12\/2025-12-BJT-HU-Race-Shuttle.pdf\" target=\"_blank\" rel=\"noopener\"><img loading=\"lazy\" decoding=\"async\" class=\"alignnone wp-image-2054\" src=\"https:\/\/brianjamestrailers.srteam.eu\/wp-content\/uploads\/2025\/09\/pdfikon-300x300.jpg\" sizes=\"auto, (max-width: 70px) 100vw, 70px\" srcset=\"https:\/\/brianjamestrailers.srteam.eu\/wp-content\/uploads\/2025\/09\/pdfikon-300x300.jpg 300w, https:\/\/brianjamestrailers.srteam.eu\/wp-content\/uploads\/2025\/09\/pdfikon-150x150.jpg 150w, https:\/\/brianjamestrailers.srteam.eu\/wp-content\/uploads\/2025\/09\/pdfikon.jpg 360w\" alt=\"\" width=\"70\" height=\"70\" \/><\/a><strong><a href=\"https:\/\/brianjamestrailers.srteam.eu\/wp-content\/uploads\/2025\/12\/2025-12-BJT-HU-Race-Shuttle.pdf\">Race Shuttle<\/a><\/strong><\/h4>\n<\/div>\n<div>\n<h4><a href=\"https:\/\/brianjamestrailers.srteam.eu\/wp-content\/uploads\/2025\/12\/2025-12-BJT-HU-Race-Sport.pdf\" target=\"_blank\" rel=\"noopener\"><img loading=\"lazy\" decoding=\"async\" class=\"alignnone wp-image-2054\" src=\"https:\/\/brianjamestrailers.srteam.eu\/wp-content\/uploads\/2025\/09\/pdfikon-300x300.jpg\" sizes=\"auto, (max-width: 88px) 100vw, 88px\" srcset=\"https:\/\/brianjamestrailers.srteam.eu\/wp-content\/uploads\/2025\/09\/pdfikon-300x300.jpg 300w, https:\/\/brianjamestrailers.srteam.eu\/wp-content\/uploads\/2025\/09\/pdfikon-150x150.jpg 150w, https:\/\/brianjamestrailers.srteam.eu\/wp-content\/uploads\/2025\/09\/pdfikon.jpg 360w\" alt=\"\" width=\"70\" height=\"70\" \/><\/a><a href=\"https:\/\/brianjamestrailers.srteam.eu\/wp-content\/uploads\/2025\/12\/2025-12-BJT-HU-Race-Sport.pdf\" target=\"_blank\" rel=\"noopener\"><strong>Race Sport<\/strong><\/a><\/h4>\n<\/div>\n<div>\n<h4><a href=\"https:\/\/brianjamestrailers.srteam.eu\/wp-content\/uploads\/2025\/12\/2025-12-BJT-HU-Race-Transporter.pdf\" target=\"_blank\" rel=\"noopener\"><img loading=\"lazy\" decoding=\"async\" class=\"alignnone wp-image-2054\" src=\"https:\/\/brianjamestrailers.srteam.eu\/wp-content\/uploads\/2025\/09\/pdfikon-300x300.jpg\" sizes=\"auto, (max-width: 70px) 100vw, 70px\" srcset=\"https:\/\/brianjamestrailers.srteam.eu\/wp-content\/uploads\/2025\/09\/pdfikon-300x300.jpg 300w, https:\/\/brianjamestrailers.srteam.eu\/wp-content\/uploads\/2025\/09\/pdfikon-150x150.jpg 150w, https:\/\/brianjamestrailers.srteam.eu\/wp-content\/uploads\/2025\/09\/pdfikon.jpg 360w\" alt=\"\" width=\"70\" height=\"70\" \/><\/a><a href=\"https:\/\/brianjamestrailers.srteam.eu\/wp-content\/uploads\/2025\/12\/2025-12-BJT-HU-Race-Transporter.pdf\" target=\"_blank\" rel=\"noopener\"><strong>Race Transporter 7<\/strong><\/a><\/h4>\n<\/div>\n<div>\n<h4><a href=\"https:\/\/brianjamestrailers.srteam.eu\/wp-content\/uploads\/2025\/12\/2025-12-BJT-HU-Box-Van.pdf\" target=\"_blank\" rel=\"noopener\"><img loading=\"lazy\" decoding=\"async\" class=\"alignnone wp-image-2054\" src=\"https:\/\/brianjamestrailers.srteam.eu\/wp-content\/uploads\/2025\/09\/pdfikon-300x300.jpg\" sizes=\"auto, (max-width: 102px) 100vw, 102px\" srcset=\"https:\/\/brianjamestrailers.srteam.eu\/wp-content\/uploads\/2025\/09\/pdfikon-300x300.jpg 300w, https:\/\/brianjamestrailers.srteam.eu\/wp-content\/uploads\/2025\/09\/pdfikon-150x150.jpg 150w, https:\/\/brianjamestrailers.srteam.eu\/wp-content\/uploads\/2025\/09\/pdfikon.jpg 360w\" alt=\"\" width=\"70\" height=\"70\" \/><\/a><a href=\"https:\/\/brianjamestrailers.srteam.eu\/wp-content\/uploads\/2025\/12\/2025-12-BJT-HU-Box-Van.pdf\" target=\"_blank\" rel=\"noopener\"><strong>BOX Van<\/strong><\/a><\/h4>\n<h4><a href=\"https:\/\/brianjamestrailers.srteam.eu\/wp-content\/uploads\/2025\/12\/2025-12-BJT-HU-Box-Van.pdf\" target=\"_blank\" rel=\"noopener\"><img loading=\"lazy\" decoding=\"async\" class=\"alignnone wp-image-2054\" src=\"https:\/\/brianjamestrailers.srteam.eu\/wp-content\/uploads\/2025\/09\/pdfikon-300x300.jpg\" sizes=\"auto, (max-width: 102px) 100vw, 102px\" srcset=\"https:\/\/brianjamestrailers.srteam.eu\/wp-content\/uploads\/2025\/09\/pdfikon-300x300.jpg 300w, https:\/\/brianjamestrailers.srteam.eu\/wp-content\/uploads\/2025\/09\/pdfikon-150x150.jpg 150w, https:\/\/brianjamestrailers.srteam.eu\/wp-content\/uploads\/2025\/09\/pdfikon.jpg 360w\" alt=\"\" width=\"70\" height=\"70\" \/><\/a><a href=\"https:\/\/brianjamestrailers.srteam.eu\/wp-content\/uploads\/2026\/02\/2025-12-BJT-HU-Race-Box.pdf\" target=\"_blank\" rel=\"noopener\"><strong>Race BOX\u00a0<\/strong><\/a><\/h4>\n<\/div>\n<p>&nbsp;<\/p>\n<h3>Nyitott aut\u00f3sz\u00e1ll\u00edt\u00f3k<\/h3>\n<div>\n<h4><a href=\"https:\/\/brianjamestrailers.srteam.eu\/wp-content\/uploads\/2025\/12\/2025-12-BJT-HU-A-Transporter.pdf\" target=\"_blank\" rel=\"noopener\"><img loading=\"lazy\" decoding=\"async\" class=\"alignnone wp-image-2054\" src=\"https:\/\/brianjamestrailers.srteam.eu\/wp-content\/uploads\/2025\/09\/pdfikon-300x300.jpg\" sizes=\"auto, (max-width: 101px) 100vw, 101px\" srcset=\"https:\/\/brianjamestrailers.srteam.eu\/wp-content\/uploads\/2025\/09\/pdfikon-300x300.jpg 300w, https:\/\/brianjamestrailers.srteam.eu\/wp-content\/uploads\/2025\/09\/pdfikon-150x150.jpg 150w, https:\/\/brianjamestrailers.srteam.eu\/wp-content\/uploads\/2025\/09\/pdfikon.jpg 360w\" alt=\"\" width=\"70\" height=\"70\" \/><\/a><a href=\"https:\/\/brianjamestrailers.srteam.eu\/wp-content\/uploads\/2025\/12\/2025-12-BJT-HU-A-Transporter.pdf\" target=\"_blank\" rel=\"noopener\"><strong>A-Transporter<\/strong><\/a><\/h4>\n<\/div>\n<div>\n<h4><a href=\"https:\/\/brianjamestrailers.srteam.eu\/wp-content\/uploads\/2025\/12\/2025-12-BJT-HU-T-Transporter.pdf\" target=\"_blank\" rel=\"noopener\"><img loading=\"lazy\" decoding=\"async\" class=\"alignnone wp-image-2054\" src=\"https:\/\/brianjamestrailers.srteam.eu\/wp-content\/uploads\/2025\/09\/pdfikon-300x300.jpg\" sizes=\"auto, (max-width: 119px) 100vw, 119px\" srcset=\"https:\/\/brianjamestrailers.srteam.eu\/wp-content\/uploads\/2025\/09\/pdfikon-300x300.jpg 300w, https:\/\/brianjamestrailers.srteam.eu\/wp-content\/uploads\/2025\/09\/pdfikon-150x150.jpg 150w, https:\/\/brianjamestrailers.srteam.eu\/wp-content\/uploads\/2025\/09\/pdfikon.jpg 360w\" alt=\"\" width=\"70\" height=\"70\" \/><\/a><a href=\"https:\/\/brianjamestrailers.srteam.eu\/wp-content\/uploads\/2025\/12\/2025-12-BJT-HU-T-Transporter.pdf\" target=\"_blank\" rel=\"noopener\"><strong>T-Transporter<\/strong><\/a><\/h4>\n<\/div>\n<p>&nbsp;<\/p>\n<h3>Ipari \u00e9s Mez\u0151gazdas\u00e1gi tr\u00e9lerek<\/h3>\n<div>\n<h4><a href=\"https:\/\/brianjamestrailers.srteam.eu\/wp-content\/uploads\/2025\/12\/2025-12-BJT-HU-Connect.pdf\" target=\"_blank\" rel=\"noopener\"><img loading=\"lazy\" decoding=\"async\" class=\"alignnone wp-image-2054\" src=\"https:\/\/brianjamestrailers.srteam.eu\/wp-content\/uploads\/2025\/09\/pdfikon-300x300.jpg\" sizes=\"auto, (max-width: 114px) 100vw, 114px\" srcset=\"https:\/\/brianjamestrailers.srteam.eu\/wp-content\/uploads\/2025\/09\/pdfikon-300x300.jpg 300w, https:\/\/brianjamestrailers.srteam.eu\/wp-content\/uploads\/2025\/09\/pdfikon-150x150.jpg 150w, https:\/\/brianjamestrailers.srteam.eu\/wp-content\/uploads\/2025\/09\/pdfikon.jpg 360w\" alt=\"\" width=\"70\" height=\"70\" \/><\/a><a href=\"https:\/\/brianjamestrailers.srteam.eu\/wp-content\/uploads\/2025\/12\/2025-12-BJT-HU-Connect.pdf\" target=\"_blank\" rel=\"noopener\"><strong>Connect<\/strong><\/a><\/h4>\n<\/div>\n<div>\n<h4><a href=\"https:\/\/brianjamestrailers.srteam.eu\/wp-content\/uploads\/2025\/12\/2025-12-BJT-HU-Tipper.pdf\" target=\"_blank\" rel=\"noopener\"><img loading=\"lazy\" decoding=\"async\" class=\"alignnone wp-image-2054\" src=\"https:\/\/brianjamestrailers.srteam.eu\/wp-content\/uploads\/2025\/09\/pdfikon-300x300.jpg\" sizes=\"auto, (max-width: 131px) 100vw, 131px\" srcset=\"https:\/\/brianjamestrailers.srteam.eu\/wp-content\/uploads\/2025\/09\/pdfikon-300x300.jpg 300w, https:\/\/brianjamestrailers.srteam.eu\/wp-content\/uploads\/2025\/09\/pdfikon-150x150.jpg 150w, https:\/\/brianjamestrailers.srteam.eu\/wp-content\/uploads\/2025\/09\/pdfikon.jpg 360w\" alt=\"\" width=\"70\" height=\"70\" \/><\/a><a href=\"https:\/\/brianjamestrailers.srteam.eu\/wp-content\/uploads\/2025\/12\/2025-12-BJT-HU-Tipper.pdf\" target=\"_blank\" rel=\"noopener\"><strong>Tipper<\/strong><\/a><\/h4>\n<\/div>\n<div>\n<h4><a href=\"https:\/\/brianjamestrailers.srteam.eu\/wp-content\/uploads\/2025\/12\/2025-12-BJT-HU-General-Plant.pdf\" target=\"_blank\" rel=\"noopener\"><img loading=\"lazy\" decoding=\"async\" class=\"alignnone wp-image-2054\" src=\"https:\/\/brianjamestrailers.srteam.eu\/wp-content\/uploads\/2025\/09\/pdfikon-300x300.jpg\" sizes=\"auto, (max-width: 138px) 100vw, 138px\" srcset=\"https:\/\/brianjamestrailers.srteam.eu\/wp-content\/uploads\/2025\/09\/pdfikon-300x300.jpg 300w, https:\/\/brianjamestrailers.srteam.eu\/wp-content\/uploads\/2025\/09\/pdfikon-150x150.jpg 150w, https:\/\/brianjamestrailers.srteam.eu\/wp-content\/uploads\/2025\/09\/pdfikon.jpg 360w\" alt=\"\" width=\"70\" height=\"70\" \/><\/a><a href=\"https:\/\/brianjamestrailers.srteam.eu\/wp-content\/uploads\/2025\/12\/2025-12-BJT-HU-General-Plant.pdf\" target=\"_blank\" rel=\"noopener\"><strong>GeneralPlant<\/strong><\/a><\/h4>\n<\/div>\n<div>\n<h4><a href=\"https:\/\/brianjamestrailers.srteam.eu\/wp-content\/uploads\/2025\/12\/2025-12-BJT-HU-Digger.pdf\" target=\"_blank\" rel=\"noopener\"><img loading=\"lazy\" decoding=\"async\" class=\"alignnone wp-image-2054\" src=\"https:\/\/brianjamestrailers.srteam.eu\/wp-content\/uploads\/2025\/09\/pdfikon-300x300.jpg\" sizes=\"auto, (max-width: 139px) 100vw, 139px\" srcset=\"https:\/\/brianjamestrailers.srteam.eu\/wp-content\/uploads\/2025\/09\/pdfikon-300x300.jpg 300w, https:\/\/brianjamestrailers.srteam.eu\/wp-content\/uploads\/2025\/09\/pdfikon-150x150.jpg 150w, https:\/\/brianjamestrailers.srteam.eu\/wp-content\/uploads\/2025\/09\/pdfikon.jpg 360w\" alt=\"\" width=\"70\" height=\"70\" \/><\/a><a href=\"https:\/\/brianjamestrailers.srteam.eu\/wp-content\/uploads\/2025\/12\/2025-12-BJT-HU-Digger.pdf\" target=\"_blank\" rel=\"noopener\"><strong>DiggerPlant<\/strong><\/a><\/h4>\n<\/div>\n<p>&nbsp;<\/p>\n<p>&nbsp;<\/p>\n","protected":false},"excerpt":{"rendered":"<p>M\u0171szaki adatlapok let\u00f6lthet\u0151k Z\u00e1rt aut\u00f3sz\u00e1ll\u00edt\u00f3k Race Shuttle Race Sport Race Transporter 7 BOX Van Race BOX\u00a0 &nbsp; Nyitott aut\u00f3sz\u00e1ll\u00edt\u00f3k A-Transporter T-Transporter &nbsp; Ipari \u00e9s Mez\u0151gazdas\u00e1gi tr\u00e9lerek Connect Tipper GeneralPlant DiggerPlant &#8230;<\/p>\n","protected":false},"author":1,"featured_media":0,"parent":0,"menu_order":0,"comment_status":"closed","ping_status":"closed","template":"","meta":{"footnotes":""},"class_list":["post-2109","page","type-page","status-publish","hentry"],"_links":{"self":[{"href":"https:\/\/brianjamestrailers.srteam.eu\/index.php\/wp-json\/wp\/v2\/pages\/2109","targetHints":{"allow":["GET"]}}],"collection":[{"href":"https:\/\/brianjamestrailers.srteam.eu\/index.php\/wp-json\/wp\/v2\/pages"}],"about":[{"href":"https:\/\/brianjamestrailers.srteam.eu\/index.php\/wp-json\/wp\/v2\/types\/page"}],"author":[{"embeddable":true,"href":"https:\/\/brianjamestrailers.srteam.eu\/index.php\/wp-json\/wp\/v2\/users\/1"}],"replies":[{"embeddable":true,"href":"https:\/\/brianjamestrailers.srteam.eu\/index.php\/wp-json\/wp\/v2\/comments?post=2109"}],"version-history":[{"count":14,"href":"https:\/\/brianjamestrailers.srteam.eu\/index.php\/wp-json\/wp\/v2\/pages\/2109\/revisions"}],"predecessor-version":[{"id":2137,"href":"https:\/\/brianjamestrailers.srteam.eu\/index.php\/wp-json\/wp\/v2\/pages\/2109\/revisions\/2137"}],"wp:attachment":[{"href":"https:\/\/brianjamestrailers.srteam.eu\/index.php\/wp-json\/wp\/v2\/media?parent=2109"}],"curies":[{"name":"wp","href":"https:\/\/api.w.org\/{rel}","templated":true}]}}