{"id":1587,"date":"2023-05-31T18:30:55","date_gmt":"2023-05-31T18:30:55","guid":{"rendered":"https:\/\/brianjamestrailers.srteam.eu\/?page_id=1587"},"modified":"2026-02-05T18:17:20","modified_gmt":"2026-02-05T18:17:20","slug":"race-shuttle-2-3","status":"publish","type":"page","link":"https:\/\/brianjamestrailers.srteam.eu\/index.php\/race-shuttle-2-3\/","title":{"rendered":"RACE SHUTTLE"},"content":{"rendered":"<p><img loading=\"lazy\" decoding=\"async\" class=\"alignright wp-image-2015 size-full\" src=\"https:\/\/brianjamestrailers.srteam.eu\/wp-content\/uploads\/2025\/03\/RSHU.png\" alt=\"\" width=\"872\" height=\"314\" srcset=\"https:\/\/brianjamestrailers.srteam.eu\/wp-content\/uploads\/2025\/03\/RSHU.png 872w, https:\/\/brianjamestrailers.srteam.eu\/wp-content\/uploads\/2025\/03\/RSHU-300x108.png 300w, https:\/\/brianjamestrailers.srteam.eu\/wp-content\/uploads\/2025\/03\/RSHU-768x277.png 768w\" sizes=\"auto, (max-width: 872px) 100vw, 872px\" \/><\/p>\n<table border=\"0\" frame=\"VOID\" rules=\"NONE\" cellspacing=\"0\">\n<colgroup>\n<col width=\"214\" \/>\n<col width=\"30\" \/>\n<col width=\"37\" \/>\n<col width=\"93\" \/>\n<col width=\"93\" \/><\/colgroup>\n<tbody>\n<tr>\n<td rowspan=\"2\" align=\"CENTER\" valign=\"MIDDLE\" bgcolor=\"#EEECE1\" width=\"214\" height=\"38\"><b><span style=\"color: #000000; font-family: Calibri; font-size: large;\">Race Shuttle \/ Cikksz\u00e1m<\/span><\/b><\/td>\n<td colspan=\"2\" align=\"CENTER\" valign=\"MIDDLE\" bgcolor=\"#EEECE1\" width=\"67\"><b><span style=\"color: #000000; font-family: Calibri;\">(Modell:)<\/span><\/b><\/td>\n<td align=\"LEFT\" valign=\"MIDDLE\" bgcolor=\"#EEECE1\" width=\"93\"><b><span style=\"color: #000000; font-family: Calibri;\">300-<\/span><\/b><\/td>\n<td align=\"CENTER\" valign=\"MIDDLE\" width=\"93\"><b><span style=\"color: #000000; font-family: Calibri;\">\u00a0<\/span><\/b><\/td>\n<\/tr>\n<tr>\n<td colspan=\"2\" align=\"CENTER\" valign=\"MIDDLE\" bgcolor=\"#EEECE1\"><b><span style=\"color: #000000; font-family: Calibri;\">(T\u00edpus:)<\/span><\/b><\/td>\n<td align=\"LEFT\" valign=\"BOTTOM\" bgcolor=\"#EEECE1\"><b><span style=\"color: #000000; font-family: Calibri;\">4319-26-2-12 <\/span><\/b><\/td>\n<td align=\"LEFT\" valign=\"BOTTOM\" bgcolor=\"#EEECE1\"><b><span style=\"color: #000000; font-family: Calibri;\">4719-30-2-12<\/span><\/b><\/td>\n<\/tr>\n<tr>\n<td align=\"LEFT\" valign=\"BOTTOM\" bgcolor=\"#EEECE1\" height=\"16\"><b><span style=\"color: #000000; font-family: Calibri;\">M\u00c9RETEK<\/span><\/b><\/td>\n<td align=\"LEFT\" valign=\"BOTTOM\" bgcolor=\"#EEECE1\"><b><span style=\"color: #000000; font-family: Calibri;\">\u00a0<\/span><\/b><\/td>\n<td align=\"LEFT\" valign=\"BOTTOM\" bgcolor=\"#EEECE1\"><b><span style=\"color: #000000; font-family: Calibri;\">\u00a0<\/span><\/b><\/td>\n<td align=\"CENTER\" valign=\"MIDDLE\" bgcolor=\"#EEECE1\"><span style=\"color: #000000; font-family: Calibri;\">\u00a0<\/span><\/td>\n<td align=\"CENTER\" valign=\"MIDDLE\" bgcolor=\"#EEECE1\"><span style=\"color: #000000; font-family: Calibri;\">\u00a0<\/span><\/td>\n<\/tr>\n<tr>\n<td align=\"LEFT\" valign=\"BOTTOM\" height=\"16\"><span style=\"color: #000000; font-family: Calibri;\">Plat\u00f3 sz\u00e9less\u00e9ge <\/span><\/td>\n<td align=\"LEFT\" valign=\"BOTTOM\"><span style=\"color: #000000; font-family: Calibri;\">&#8220;A&#8221;<\/span><\/td>\n<td align=\"CENTER\" valign=\"MIDDLE\"><span style=\"color: #000000; font-family: Calibri;\"> [m.]<\/span><\/td>\n<td align=\"CENTER\" valign=\"MIDDLE\"><span style=\"color: #000000; font-family: Calibri;\">1,95<\/span><\/td>\n<td align=\"CENTER\" valign=\"MIDDLE\"><span style=\"color: #000000; font-family: Calibri;\">1,95<\/span><\/td>\n<\/tr>\n<tr>\n<td align=\"LEFT\" valign=\"BOTTOM\" height=\"16\"><span style=\"color: #000000; font-family: Calibri;\">Teljes sz\u00e9less\u00e9g<\/span><\/td>\n<td align=\"LEFT\" valign=\"BOTTOM\"><span style=\"color: #000000; font-family: Calibri;\">&#8220;B&#8221;<\/span><\/td>\n<td align=\"CENTER\" valign=\"MIDDLE\"><span style=\"color: #000000; font-family: Calibri;\"> [m.]<\/span><\/td>\n<td align=\"CENTER\" valign=\"MIDDLE\"><span style=\"color: #000000; font-family: Calibri;\">2,32<\/span><\/td>\n<td align=\"CENTER\" valign=\"MIDDLE\"><span style=\"color: #000000; font-family: Calibri;\">2,34<\/span><\/td>\n<\/tr>\n<tr>\n<td align=\"LEFT\" valign=\"BOTTOM\" height=\"16\"><span style=\"color: #000000; font-family: Calibri;\">Plat\u00f3 hossza<\/span><\/td>\n<td align=\"LEFT\" valign=\"BOTTOM\"><span style=\"color: #000000; font-family: Calibri;\">&#8220;C&#8221;<\/span><\/td>\n<td align=\"CENTER\" valign=\"MIDDLE\"><span style=\"color: #000000; font-family: Calibri;\"> [m.]<\/span><\/td>\n<td align=\"CENTER\" valign=\"MIDDLE\"><span style=\"color: #000000; font-family: Calibri;\">4,3<\/span><\/td>\n<td align=\"CENTER\" valign=\"MIDDLE\"><span style=\"color: #000000; font-family: Calibri;\">4,7<\/span><\/td>\n<\/tr>\n<tr>\n<td align=\"LEFT\" valign=\"BOTTOM\" height=\"16\"><span style=\"color: #000000; font-family: Calibri;\">Teljes hossz<\/span><\/td>\n<td align=\"LEFT\" valign=\"BOTTOM\"><span style=\"color: #000000; font-family: Calibri;\">&#8220;D&#8221;<\/span><\/td>\n<td align=\"CENTER\" valign=\"MIDDLE\"><span style=\"color: #000000; font-family: Calibri;\"> [m.]<\/span><\/td>\n<td align=\"CENTER\" valign=\"MIDDLE\"><span style=\"color: #000000; font-family: Calibri;\">5,82<\/span><\/td>\n<td align=\"CENTER\" valign=\"MIDDLE\"><span style=\"color: #000000; font-family: Calibri;\">6,2<\/span><\/td>\n<\/tr>\n<tr>\n<td align=\"LEFT\" valign=\"BOTTOM\" height=\"16\"><span style=\"color: #000000; font-family: Calibri;\">Plat\u00f3 magass\u00e1ga<\/span><\/td>\n<td align=\"LEFT\" valign=\"BOTTOM\"><span style=\"color: #000000; font-family: Calibri;\">&#8220;E&#8221;<\/span><\/td>\n<td align=\"CENTER\" valign=\"MIDDLE\"><span style=\"color: #000000; font-family: Calibri;\"> [m.]<\/span><\/td>\n<td align=\"CENTER\" valign=\"MIDDLE\"><span style=\"color: #000000; font-family: Calibri;\">0,42<\/span><\/td>\n<td align=\"CENTER\" valign=\"MIDDLE\"><span style=\"color: #000000; font-family: Calibri;\">0,42<\/span><\/td>\n<\/tr>\n<tr>\n<td align=\"LEFT\" valign=\"BOTTOM\" height=\"16\"><span style=\"color: #000000; font-family: Calibri;\">Bels\u0151 magass\u00e1g<\/span><\/td>\n<td align=\"LEFT\" valign=\"BOTTOM\"><span style=\"color: #000000; font-family: Calibri;\">&#8220;F&#8221;<\/span><\/td>\n<td align=\"CENTER\" valign=\"MIDDLE\"><span style=\"color: #000000; font-family: Calibri;\"> [m.]<\/span><\/td>\n<td align=\"CENTER\" valign=\"MIDDLE\"><span style=\"color: #000000; font-family: Calibri;\">1,53<\/span><\/td>\n<td align=\"CENTER\" valign=\"MIDDLE\"><span style=\"color: #000000; font-family: Calibri;\">1,6<\/span><\/td>\n<\/tr>\n<tr>\n<td align=\"LEFT\" valign=\"BOTTOM\" height=\"16\"><span style=\"color: #000000; font-family: Calibri;\">Ajt\u00f3ny\u00edl\u00e1s magass\u00e1ga<\/span><\/td>\n<td align=\"LEFT\" valign=\"BOTTOM\"><span style=\"color: #000000; font-family: Calibri;\">&#8220;G&#8221;<\/span><\/td>\n<td align=\"CENTER\" valign=\"MIDDLE\"><span style=\"color: #000000; font-family: Calibri;\"> [m.]<\/span><\/td>\n<td align=\"CENTER\" valign=\"MIDDLE\"><span style=\"color: #000000; font-family: Calibri;\">2,4<\/span><\/td>\n<td align=\"CENTER\" valign=\"MIDDLE\"><span style=\"color: #000000; font-family: Calibri;\">2,5<\/span><\/td>\n<\/tr>\n<tr>\n<td align=\"LEFT\" valign=\"BOTTOM\" height=\"16\"><span style=\"color: #000000; font-family: Calibri;\">Teljes magass\u00e1g<\/span><\/td>\n<td align=\"LEFT\" valign=\"BOTTOM\"><span style=\"color: #000000; font-family: Calibri;\">&#8220;H&#8221;<\/span><\/td>\n<td align=\"CENTER\" valign=\"MIDDLE\"><span style=\"color: #000000; font-family: Calibri;\"> [m.]<\/span><\/td>\n<td align=\"CENTER\" valign=\"MIDDLE\"><span style=\"color: #000000; font-family: Calibri;\">1,94<\/span><\/td>\n<td align=\"CENTER\" valign=\"MIDDLE\"><span style=\"color: #000000; font-family: Calibri;\">1,99<\/span><\/td>\n<\/tr>\n<tr>\n<td align=\"LEFT\" valign=\"BOTTOM\" height=\"16\"><span style=\"color: #000000; font-family: Calibri;\">\u00a0<\/span><\/td>\n<td align=\"LEFT\" valign=\"BOTTOM\"><span style=\"color: #000000; font-family: Calibri;\">\u00a0<\/span><\/td>\n<td align=\"CENTER\" valign=\"MIDDLE\"><span style=\"color: #000000; font-family: Calibri;\">\u00a0<\/span><\/td>\n<td align=\"CENTER\" valign=\"MIDDLE\"><span style=\"color: #242021; font-family: Calibri;\">\u00a0<\/span><\/td>\n<td align=\"CENTER\" valign=\"MIDDLE\"><span style=\"color: #242021; font-family: Calibri;\">\u00a0<\/span><\/td>\n<\/tr>\n<tr>\n<td align=\"LEFT\" valign=\"BOTTOM\" bgcolor=\"#EEECE1\" height=\"17\"><b><span style=\"color: #000000; font-family: Calibri;\">S\u00daLYADATOK<\/span><\/b><\/td>\n<td align=\"LEFT\" valign=\"BOTTOM\" bgcolor=\"#EEECE1\"><span style=\"color: #000000; font-family: Calibri;\">\u00a0<\/span><\/td>\n<td align=\"LEFT\" valign=\"BOTTOM\" bgcolor=\"#EEECE1\"><span style=\"color: #000000; font-family: Calibri;\">\u00a0<\/span><\/td>\n<td align=\"CENTER\" valign=\"MIDDLE\" bgcolor=\"#EEECE1\"><span style=\"color: #000000; font-family: Calibri;\">\u00a0<\/span><\/td>\n<td align=\"CENTER\" valign=\"MIDDLE\" bgcolor=\"#EEECE1\"><span style=\"color: #000000; font-family: Calibri;\">\u00a0<\/span><\/td>\n<\/tr>\n<tr>\n<td align=\"LEFT\" valign=\"BOTTOM\" height=\"17\"><span style=\"color: #000000; font-family: Calibri;\">Megengedett \u00f6sszt\u00f6meg <\/span><\/td>\n<td align=\"LEFT\" valign=\"BOTTOM\"><span style=\"color: #000000; font-family: Calibri;\">\u00a0<\/span><\/td>\n<td align=\"CENTER\" valign=\"MIDDLE\"><span style=\"color: #000000; font-family: Calibri;\"> [Kg.]<\/span><\/td>\n<td align=\"CENTER\" valign=\"MIDDLE\"><span style=\"color: #000000; font-family: Calibri;\">2,600 <\/span><\/td>\n<td align=\"CENTER\" valign=\"MIDDLE\"><span style=\"color: #000000; font-family: Calibri;\">3,000<\/span><\/td>\n<\/tr>\n<tr>\n<td align=\"LEFT\" valign=\"BOTTOM\" height=\"17\"><span style=\"color: #000000; font-family: Calibri;\">Maxim\u00e1lis terhelhet\u0151s\u00e9g<\/span><\/td>\n<td align=\"LEFT\" valign=\"BOTTOM\"><span style=\"color: #000000; font-family: Calibri;\">\u00a0<\/span><\/td>\n<td align=\"CENTER\" valign=\"MIDDLE\"><span style=\"color: #000000; font-family: Calibri;\"> [Kg.]<\/span><\/td>\n<td align=\"CENTER\" valign=\"MIDDLE\"><span style=\"color: #000000; font-family: Calibri;\">1,765 <\/span><\/td>\n<td align=\"CENTER\" valign=\"MIDDLE\"><span style=\"color: #000000; font-family: Calibri;\">2,070<\/span><\/td>\n<\/tr>\n<\/tbody>\n<\/table>\n<p>&nbsp;<\/p>\n<p style=\"text-align: center;\"><img loading=\"lazy\" decoding=\"async\" class=\"alignnone size-medium wp-image-1738\" src=\"https:\/\/brianjamestrailers.srteam.eu\/wp-content\/uploads\/2023\/06\/alu-300x199.jpg\" alt=\"\" width=\"300\" height=\"199\" srcset=\"https:\/\/brianjamestrailers.srteam.eu\/wp-content\/uploads\/2023\/06\/alu-300x199.jpg 300w, https:\/\/brianjamestrailers.srteam.eu\/wp-content\/uploads\/2023\/06\/alu-1024x680.jpg 1024w, https:\/\/brianjamestrailers.srteam.eu\/wp-content\/uploads\/2023\/06\/alu-768x510.jpg 768w, https:\/\/brianjamestrailers.srteam.eu\/wp-content\/uploads\/2023\/06\/alu.jpg 1280w\" sizes=\"auto, (max-width: 300px) 100vw, 300px\" \/> <img loading=\"lazy\" decoding=\"async\" class=\"alignnone size-medium wp-image-1737\" src=\"https:\/\/brianjamestrailers.srteam.eu\/wp-content\/uploads\/2023\/06\/csorlo-300x199.jpg\" alt=\"\" width=\"300\" height=\"199\" srcset=\"https:\/\/brianjamestrailers.srteam.eu\/wp-content\/uploads\/2023\/06\/csorlo-300x199.jpg 300w, https:\/\/brianjamestrailers.srteam.eu\/wp-content\/uploads\/2023\/06\/csorlo-1024x680.jpg 1024w, https:\/\/brianjamestrailers.srteam.eu\/wp-content\/uploads\/2023\/06\/csorlo-768x510.jpg 768w, https:\/\/brianjamestrailers.srteam.eu\/wp-content\/uploads\/2023\/06\/csorlo.jpg 1280w\" sizes=\"auto, (max-width: 300px) 100vw, 300px\" \/><\/p>\n<table border=\"0\" frame=\"VOID\" rules=\"NONE\" cellspacing=\"0\">\n<colgroup>\n<col width=\"214\" \/>\n<col width=\"34\" \/>\n<col width=\"33\" \/>\n<col width=\"93\" \/>\n<col width=\"93\" \/><\/colgroup>\n<tbody>\n<tr>\n<td rowspan=\"2\" align=\"CENTER\" valign=\"MIDDLE\" bgcolor=\"#EEECE1\" width=\"214\" height=\"38\"><b><span style=\"color: #000000; font-family: Calibri; font-size: large;\">\u00a0<\/span><\/b><\/td>\n<td colspan=\"2\" align=\"CENTER\" valign=\"MIDDLE\" bgcolor=\"#EEECE1\" width=\"67\"><b><span style=\"color: #000000; font-family: Calibri;\">(Modell:)<\/span><\/b><\/td>\n<td align=\"LEFT\" valign=\"MIDDLE\" bgcolor=\"#EEECE1\" width=\"93\"><b><span style=\"color: #000000; font-family: Calibri;\">300-<\/span><\/b><\/td>\n<td align=\"CENTER\" valign=\"MIDDLE\" width=\"93\"><b><span style=\"color: #000000; font-family: Calibri;\">\u00a0<\/span><\/b><\/td>\n<\/tr>\n<tr>\n<td colspan=\"2\" align=\"CENTER\" valign=\"MIDDLE\" bgcolor=\"#EEECE1\"><b><span style=\"color: #000000; font-family: Calibri;\">(T\u00edpus:)<\/span><\/b><\/td>\n<td align=\"LEFT\" valign=\"BOTTOM\" bgcolor=\"#EEECE1\"><b><span style=\"color: #000000; font-family: Calibri;\">4319-26-2-12 <\/span><\/b><\/td>\n<td align=\"LEFT\" valign=\"BOTTOM\" bgcolor=\"#EEECE1\"><b><span style=\"color: #000000; font-family: Calibri;\">4719-30-2-12<\/span><\/b><\/td>\n<\/tr>\n<tr>\n<td colspan=\"3\" align=\"LEFT\" valign=\"BOTTOM\" bgcolor=\"#EEECE1\" height=\"16\"><b><span style=\"color: #000000; font-family: Calibri;\">Kieg\u00e9sz\u00edt\u0151k<\/span><\/b><\/td>\n<td align=\"LEFT\" valign=\"BOTTOM\" bgcolor=\"#EEECE1\"><span style=\"color: #000000; font-family: Calibri;\">\u00a0<\/span><\/td>\n<td align=\"LEFT\" valign=\"BOTTOM\" bgcolor=\"#EEECE1\"><span style=\"color: #000000; font-family: Calibri;\">\u00a0<\/span><\/td>\n<\/tr>\n<tr>\n<td colspan=\"3\" align=\"LEFT\" valign=\"BOTTOM\" height=\"16\"><span style=\"color: #000000; font-family: Calibri;\">Teljes LED vil\u00e1g\u00edt\u00e1s<\/span><\/td>\n<td align=\"CENTER\" valign=\"MIDDLE\"><span style=\"color: #000000; font-family: Calibri;\">\u2022<\/span><\/td>\n<td align=\"CENTER\" valign=\"MIDDLE\"><span style=\"color: #000000; font-family: Calibri;\">\u2022<\/span><\/td>\n<\/tr>\n<tr>\n<td colspan=\"3\" align=\"LEFT\" valign=\"BOTTOM\" bgcolor=\"#EEECE1\" height=\"16\"><b><span style=\"color: #000000; font-family: Calibri;\">Rakod\u00e1s<\/span><\/b><\/td>\n<td align=\"CENTER\" valign=\"MIDDLE\" bgcolor=\"#EEECE1\"><span style=\"color: #000000; font-family: Calibri;\">\u00a0<\/span><\/td>\n<td align=\"CENTER\" valign=\"MIDDLE\" bgcolor=\"#EEECE1\"><span style=\"color: #000000; font-family: Calibri;\">\u00a0<\/span><\/td>\n<\/tr>\n<tr>\n<td colspan=\"3\" align=\"LEFT\" valign=\"BOTTOM\" height=\"16\"><span style=\"color: #000000; font-family: Calibri;\">R\u00e1mpa 2,5m<\/span><\/td>\n<td align=\"CENTER\" valign=\"MIDDLE\"><span style=\"color: #000000; font-family: Calibri;\">\u2022<\/span><\/td>\n<td align=\"CENTER\" valign=\"MIDDLE\"><span style=\"color: #000000; font-family: Calibri;\">\u2022<\/span><\/td>\n<\/tr>\n<tr>\n<td colspan=\"3\" align=\"LEFT\" valign=\"BOTTOM\" height=\"16\"><span style=\"color: #000000; font-family: Calibri;\">K\u00e9zi \/ Elektromos cs\u00f6rl\u0151<\/span><\/td>\n<td align=\"CENTER\" valign=\"MIDDLE\"><span style=\"color: #000000; font-family: Calibri;\">o<\/span><\/td>\n<td align=\"CENTER\" valign=\"MIDDLE\"><span style=\"color: #000000; font-family: Calibri;\">o<\/span><\/td>\n<\/tr>\n<tr>\n<td colspan=\"3\" align=\"LEFT\" valign=\"BOTTOM\" height=\"16\"><span style=\"color: #000000; font-family: Calibri;\">K\u00e9zzel billen\u0151 plat\u00f3<\/span><\/td>\n<td align=\"CENTER\" valign=\"MIDDLE\"><span style=\"color: #000000; font-family: Calibri;\">\u2022<\/span><\/td>\n<td align=\"CENTER\" valign=\"MIDDLE\"><span style=\"color: #000000; font-family: Calibri;\">\u2022<\/span><\/td>\n<\/tr>\n<tr>\n<td colspan=\"3\" align=\"LEFT\" valign=\"BOTTOM\" bgcolor=\"#EEECE1\" height=\"16\"><b><span style=\"color: #000000; font-family: Calibri;\">RAKOM\u00c1NYR\u00d6GZ\u00cdT\u00c9S<\/span><\/b><\/td>\n<td align=\"CENTER\" valign=\"MIDDLE\" bgcolor=\"#EEECE1\"><span style=\"color: #000000; font-family: Calibri;\">\u00a0<\/span><\/td>\n<td align=\"CENTER\" valign=\"MIDDLE\" bgcolor=\"#EEECE1\"><span style=\"color: #000000; font-family: Calibri;\">\u00a0<\/span><\/td>\n<\/tr>\n<tr>\n<td colspan=\"3\" align=\"LEFT\" valign=\"BOTTOM\" height=\"16\"><span style=\"color: #000000; font-family: Calibri;\">R\u00f6gz\u00edt\u0151p\u00e1ntok<\/span><\/td>\n<td align=\"CENTER\" valign=\"MIDDLE\"><span style=\"color: #000000; font-family: Calibri;\">\u2022<\/span><\/td>\n<td align=\"CENTER\" valign=\"MIDDLE\"><span style=\"color: #000000; font-family: Calibri;\">\u2022<\/span><\/td>\n<\/tr>\n<tr>\n<td colspan=\"3\" align=\"LEFT\" valign=\"BOTTOM\" height=\"16\"><span style=\"color: #000000; font-family: Calibri;\">Ker\u00e9k\u00e9kek \/ -\u00fctk\u00f6z\u0151r\u00fad<\/span><\/td>\n<td align=\"CENTER\" valign=\"MIDDLE\"><span style=\"color: #000000; font-family: Calibri;\">o<\/span><\/td>\n<td align=\"CENTER\" valign=\"MIDDLE\"><span style=\"color: #000000; font-family: Calibri;\">o<\/span><\/td>\n<\/tr>\n<tr>\n<td colspan=\"3\" align=\"LEFT\" valign=\"BOTTOM\" bgcolor=\"#EEECE1\" height=\"16\"><b><span style=\"color: #000000; font-family: Calibri;\">Fut\u00f3m\u0171<\/span><\/b><\/td>\n<td align=\"CENTER\" valign=\"MIDDLE\" bgcolor=\"#EEECE1\"><span style=\"color: #000000; font-family: Calibri;\">\u00a0<\/span><\/td>\n<td align=\"CENTER\" valign=\"MIDDLE\" bgcolor=\"#EEECE1\"><span style=\"color: #000000; font-family: Calibri;\">\u00a0<\/span><\/td>\n<\/tr>\n<tr>\n<td colspan=\"3\" align=\"LEFT\" valign=\"BOTTOM\" height=\"17\"><span style=\"color: #000000; font-family: Calibri;\">K\u00f6nny\u0171f\u00e9m felnik &#8211; Antracit<\/span><\/td>\n<td align=\"CENTER\" valign=\"MIDDLE\"><span style=\"color: #000000; font-family: Calibri;\">\u2022<\/span><\/td>\n<td align=\"CENTER\" valign=\"MIDDLE\"><span style=\"color: #000000; font-family: Calibri;\">\u2022<\/span><\/td>\n<\/tr>\n<tr>\n<td colspan=\"3\" align=\"LEFT\" valign=\"BOTTOM\" height=\"17\"><span style=\"color: #000000; font-family: Calibri;\">Z\u00e1rhat\u00f3 von\u00f3fej<\/span><\/td>\n<td align=\"CENTER\" valign=\"MIDDLE\"><span style=\"color: #000000; font-family: Calibri;\">\u2022<\/span><\/td>\n<td align=\"CENTER\" valign=\"MIDDLE\"><span style=\"color: #000000; font-family: Calibri;\">\u2022<\/span><\/td>\n<\/tr>\n<tr>\n<td colspan=\"3\" align=\"LEFT\" valign=\"BOTTOM\" height=\"17\"><span style=\"color: #000000; font-family: Calibri;\">P\u00f3tker\u00e9k<\/span><\/td>\n<td align=\"CENTER\" valign=\"MIDDLE\"><span style=\"color: #000000; font-family: Calibri;\">\u2022<\/span><\/td>\n<td align=\"CENTER\" valign=\"MIDDLE\"><span style=\"color: #000000; font-family: Calibri;\">\u2022<\/span><\/td>\n<\/tr>\n<tr>\n<td colspan=\"3\" align=\"LEFT\" valign=\"BOTTOM\" bgcolor=\"#EEECE1\" height=\"16\"><b><span style=\"color: #000000; font-family: Calibri;\">T\u00e1rol\u00e1s<\/span><\/b><\/td>\n<td align=\"CENTER\" valign=\"MIDDLE\" bgcolor=\"#EEECE1\"><span style=\"color: #000000; font-family: Calibri;\">\u00a0<\/span><\/td>\n<td align=\"CENTER\" valign=\"MIDDLE\" bgcolor=\"#EEECE1\"><span style=\"color: #000000; font-family: Calibri;\">\u00a0<\/span><\/td>\n<\/tr>\n<tr>\n<td colspan=\"3\" align=\"LEFT\" valign=\"BOTTOM\" height=\"16\"><span style=\"color: #000000; font-family: Calibri;\">Ker\u00e9ktart\u00f3 \u00e1llv\u00e1ny<\/span><\/td>\n<td align=\"CENTER\" valign=\"MIDDLE\"><span style=\"color: #000000; font-family: Calibri;\">o<\/span><\/td>\n<td align=\"CENTER\" valign=\"MIDDLE\"><span style=\"color: #000000; font-family: Calibri;\">o<\/span><\/td>\n<\/tr>\n<tr>\n<td align=\"LEFT\" valign=\"BOTTOM\" height=\"16\"><span style=\"color: #000000; font-family: Calibri;\">\u00a0<\/span><\/td>\n<td align=\"LEFT\" valign=\"BOTTOM\"><span style=\"color: #000000; font-family: Calibri;\">\u00a0<\/span><\/td>\n<td align=\"LEFT\" valign=\"BOTTOM\"><span style=\"color: #000000; font-family: Calibri;\">\u00a0<\/span><\/td>\n<td align=\"LEFT\" valign=\"BOTTOM\"><span style=\"color: #000000; font-family: Calibri;\">\u00a0<\/span><\/td>\n<td align=\"LEFT\" valign=\"BOTTOM\"><span style=\"color: #000000; font-family: Calibri;\">\u00a0<\/span><\/td>\n<\/tr>\n<tr>\n<td colspan=\"5\" align=\"LEFT\" valign=\"MIDDLE\" bgcolor=\"#FDEADA\" height=\"19\"><span style=\"color: #000000; font-family: Calibri;\"> \u2022 = alap konfigur\u00e1ci\u00f3; o = Opcion\u00e1lis<\/span><\/td>\n<\/tr>\n<\/tbody>\n<\/table>\n<p>&nbsp;<\/p>\n<p><strong><em>K\u00e9rjen \u00e1raj\u00e1nlatot!<\/em><\/strong><\/p>\n<p>Technikai adatlap let\u00f6lthet\u0151:<\/p>\n<p><a href=\"https:\/\/brianjamestrailers.srteam.eu\/wp-content\/uploads\/2025\/12\/2025-12-BJT-HU-Race-Shuttle.pdf\" target=\"_blank\" rel=\"noopener\"><img loading=\"lazy\" decoding=\"async\" class=\"alignnone wp-image-2054\" src=\"https:\/\/brianjamestrailers.srteam.eu\/wp-content\/uploads\/2025\/09\/pdfikon-300x300.jpg\" alt=\"\" width=\"70\" height=\"70\" srcset=\"https:\/\/brianjamestrailers.srteam.eu\/wp-content\/uploads\/2025\/09\/pdfikon-300x300.jpg 300w, https:\/\/brianjamestrailers.srteam.eu\/wp-content\/uploads\/2025\/09\/pdfikon-150x150.jpg 150w, https:\/\/brianjamestrailers.srteam.eu\/wp-content\/uploads\/2025\/09\/pdfikon.jpg 360w\" sizes=\"auto, (max-width: 70px) 100vw, 70px\" \/><\/a><\/p>\n","protected":false},"excerpt":{"rendered":"<p>Race Shuttle \/ Cikksz\u00e1m (Modell:) 300- \u00a0 (T\u00edpus:) 4319-26-2-12 4719-30-2-12 M\u00c9RETEK \u00a0 \u00a0 \u00a0 \u00a0 Plat\u00f3 sz\u00e9less\u00e9ge &#8220;A&#8221; [m.] 1,95 1,95 Teljes sz\u00e9less\u00e9g &#8220;B&#8221; [m.] 2,32 2,34 Plat\u00f3 hossza &#8220;C&#8221; &#8230;<\/p>\n","protected":false},"author":1,"featured_media":2019,"parent":0,"menu_order":0,"comment_status":"closed","ping_status":"closed","template":"","meta":{"footnotes":""},"class_list":["post-1587","page","type-page","status-publish","has-post-thumbnail","hentry"],"_links":{"self":[{"href":"https:\/\/brianjamestrailers.srteam.eu\/index.php\/wp-json\/wp\/v2\/pages\/1587","targetHints":{"allow":["GET"]}}],"collection":[{"href":"https:\/\/brianjamestrailers.srteam.eu\/index.php\/wp-json\/wp\/v2\/pages"}],"about":[{"href":"https:\/\/brianjamestrailers.srteam.eu\/index.php\/wp-json\/wp\/v2\/types\/page"}],"author":[{"embeddable":true,"href":"https:\/\/brianjamestrailers.srteam.eu\/index.php\/wp-json\/wp\/v2\/users\/1"}],"replies":[{"embeddable":true,"href":"https:\/\/brianjamestrailers.srteam.eu\/index.php\/wp-json\/wp\/v2\/comments?post=1587"}],"version-history":[{"count":17,"href":"https:\/\/brianjamestrailers.srteam.eu\/index.php\/wp-json\/wp\/v2\/pages\/1587\/revisions"}],"predecessor-version":[{"id":2061,"href":"https:\/\/brianjamestrailers.srteam.eu\/index.php\/wp-json\/wp\/v2\/pages\/1587\/revisions\/2061"}],"wp:featuredmedia":[{"embeddable":true,"href":"https:\/\/brianjamestrailers.srteam.eu\/index.php\/wp-json\/wp\/v2\/media\/2019"}],"wp:attachment":[{"href":"https:\/\/brianjamestrailers.srteam.eu\/index.php\/wp-json\/wp\/v2\/media?parent=1587"}],"curies":[{"name":"wp","href":"https:\/\/api.w.org\/{rel}","templated":true}]}}